{"id":99,"date":"2013-12-08T12:53:52","date_gmt":"2013-12-08T12:53:52","guid":{"rendered":"http:\/\/www.gabriella-bugari.ch\/?page_id=99"},"modified":"2025-10-21T14:05:06","modified_gmt":"2025-10-21T14:05:06","slug":"uber-mich","status":"publish","type":"page","link":"https:\/\/www.gabriella-bugari.ch\/?page_id=99","title":{"rendered":"\u00dcber mich"},"content":{"rendered":"<p><img decoding=\"async\" loading=\"lazy\" class=\"wp-image-390 size-medium alignright\" src=\"http:\/\/www.gabriella-bugari.ch\/wp-content\/uploads\/2025\/10\/Foto-neu-25-225x300.jpg\" alt=\"\" width=\"225\" height=\"300\" srcset=\"https:\/\/www.gabriella-bugari.ch\/wp-content\/uploads\/2025\/10\/Foto-neu-25-225x300.jpg 225w, https:\/\/www.gabriella-bugari.ch\/wp-content\/uploads\/2025\/10\/Foto-neu-25-769x1024.jpg 769w, https:\/\/www.gabriella-bugari.ch\/wp-content\/uploads\/2025\/10\/Foto-neu-25-768x1022.jpg 768w, https:\/\/www.gabriella-bugari.ch\/wp-content\/uploads\/2025\/10\/Foto-neu-25-1154x1536.jpg 1154w, https:\/\/www.gabriella-bugari.ch\/wp-content\/uploads\/2025\/10\/Foto-neu-25-1539x2048.jpg 1539w, https:\/\/www.gabriella-bugari.ch\/wp-content\/uploads\/2025\/10\/Foto-neu-25-scaled.jpg 1923w\" sizes=\"(max-width: 225px) 100vw, 225px\" \/>Ich begleite Menschen auf dem Weg mit ihren verborgenen F\u00e4higkeiten in Kontakt zu treten, Neues zu entdecken und Schritt f\u00fcr Schritt der eigenen inneren Weisheit zu vertrauen.<\/p>\n<p>Als Begleiterin auf den Reisen in die Tiefe habe ich grossen Respekt vor den Weisheiten und inneren Instanzen des Reisenden.<\/p>\n<p>Ich bin \u00fcberzeugt, dass jeder Mensch alles Wissen und alle Weisheit f\u00fcr sein Leben in sich tr\u00e4gt.<\/p>\n<p><strong>Mein Weg<\/strong><\/p>\n<p><strong><img decoding=\"async\" loading=\"lazy\" class=\"alignleft  wp-image-132\" src=\"http:\/\/www.gabriella-bugari.ch\/wp-content\/uploads\/2013\/12\/Am-Meer-225x300.jpg\" alt=\"\" width=\"239\" height=\"308\" \/><\/strong><\/p>\n<p>Ich arbeite mit den Lehren der Twisted Hairs, einer stammes\u00fcbergreifenden Medizingesellschaft, die Wissen aus verschiedenen Traditionen sammelt und verflicht. Der indianisch-amerikanische Schamane Swift Dear gab die Lehrern der Twisted Hairs weiter.<\/p>\n<p>Ich bin Mitglied von BEYOND, einer europ\u00e4ischen Vereinigung, die dieses Wissen mit unserer eigenen Tradition verbindet. Seit \u00fcber 30 Jahren lerne ich in der QUETZALCOATL Lodge, dem Zentrum f\u00fcr Schamanisches Wissen.<\/p>\n<p>W\u00e4hrend vier Jahren machte ich eine Ausbildung als Imagery Guide, therapeutische Begleiterin des PERSONAL TOTEM POLE PROCESS und eine Weiterbildung als Workshopleiterin bei Dr. E. St. Gallegos.<\/p>\n<p>Seit vielen Jahren arbeite ich mit der PTPP-Methode mit Erwachsenen und Kindern.<\/p>\n<p>Den Kern dieser Arbeit bilden die Begegnungen mit inneren Krafttieren in Tiefenentspannung.<\/p>\n<p>In meiner Arbeit mit Menschen bekomme ich auch Unterst\u00fctzung von den Pflanzen, den BACHBLUETEN.<\/p>\n<p><strong>Auskunft und Anmeldung<\/strong><\/p>\n<p>Gabriella Bugari, Sempachstrasse 20, 6280 Hochdorf, 079 542 51 91<\/p>\n<p><a href=\"mailto:bugari@gmx.ch\">bugari@gmx.ch<\/a><\/p>\n","protected":false},"excerpt":{"rendered":"<p>Ich begleite Menschen auf dem Weg mit ihren verborgenen F\u00e4higkeiten in Kontakt zu treten, Neues zu entdecken und Schritt f\u00fcr Schritt der eigenen inneren Weisheit zu vertrauen. Als Begleiterin auf den Reisen in die Tiefe habe ich grossen Respekt vor &hellip; <a href=\"https:\/\/www.gabriella-bugari.ch\/?page_id=99\">Weiterlesen <span class=\"meta-nav\">&rarr;<\/span><\/a><\/p>\n","protected":false},"author":1,"featured_media":0,"parent":0,"menu_order":8,"comment_status":"closed","ping_status":"closed","template":"","meta":[],"_links":{"self":[{"href":"https:\/\/www.gabriella-bugari.ch\/index.php?rest_route=\/wp\/v2\/pages\/99"}],"collection":[{"href":"https:\/\/www.gabriella-bugari.ch\/index.php?rest_route=\/wp\/v2\/pages"}],"about":[{"href":"https:\/\/www.gabriella-bugari.ch\/index.php?rest_route=\/wp\/v2\/types\/page"}],"author":[{"embeddable":true,"href":"https:\/\/www.gabriella-bugari.ch\/index.php?rest_route=\/wp\/v2\/users\/1"}],"replies":[{"embeddable":true,"href":"https:\/\/www.gabriella-bugari.ch\/index.php?rest_route=%2Fwp%2Fv2%2Fcomments&post=99"}],"version-history":[{"count":22,"href":"https:\/\/www.gabriella-bugari.ch\/index.php?rest_route=\/wp\/v2\/pages\/99\/revisions"}],"predecessor-version":[{"id":391,"href":"https:\/\/www.gabriella-bugari.ch\/index.php?rest_route=\/wp\/v2\/pages\/99\/revisions\/391"}],"wp:attachment":[{"href":"https:\/\/www.gabriella-bugari.ch\/index.php?rest_route=%2Fwp%2Fv2%2Fmedia&parent=99"}],"curies":[{"name":"wp","href":"https:\/\/api.w.org\/{rel}","templated":true}]}}