{"id":64,"date":"2013-08-13T05:32:44","date_gmt":"2013-08-13T05:32:44","guid":{"rendered":"http:\/\/www.gabriella-bugari.ch\/?page_id=64"},"modified":"2013-12-09T21:26:09","modified_gmt":"2013-12-09T21:26:09","slug":"rituale-und-jahreszeitenfeste","status":"publish","type":"page","link":"https:\/\/www.gabriella-bugari.ch\/?page_id=64","title":{"rendered":"Rituale + Jahreszeitenfeste"},"content":{"rendered":"<p><strong>Rituale<\/strong><\/p>\n<ul>\n<li>Rituale sind so alt wie die Menschheit.<\/li>\n<li>Sie sind wertvolle Helfer im Alltag, denn sie haben eine sehr heilsame Wirkung.<\/li>\n<li>Sie geben Halt und Geborgenheit und helfen bei der Bew\u00e4ltigung von Krisen.<\/li>\n<li>Sie erm\u00f6glichen Momente der Erkenntnis und der Verbundenheit.<\/li>\n<li>Rituale unterst\u00fctzen uns bei \u00dcberg\u00e4ngen im Leben wie Geburt, Taufe, Hochzeit, eine neue Lebensphase, Abschied, Trennung oder Tod.<\/li>\n<li>Mit Ritualen k\u00f6nnen solche Momente kraftvoll gestaltet werden.<\/li>\n<li>Sie unterst\u00fctzen uns Altes loszulassen und Raum f\u00fcr Neues zu schaffen.<\/li>\n<li>Sie geben uns Halt und Kraft, sie st\u00e4rken unseren eigenen Weg.<\/li>\n<\/ul>\n<p><strong>Jahreszeitenfeste<\/strong><\/p>\n<p><img decoding=\"async\" loading=\"lazy\" class=\"alignright size-medium wp-image-71\" src=\"http:\/\/www.gabriella-bugari.ch\/wp-content\/uploads\/2013\/08\/Frankreich-07-Esel-und-B\u00e4ume-013-300x225.jpg\" alt=\"\" width=\"300\" height=\"225\" srcset=\"https:\/\/www.gabriella-bugari.ch\/wp-content\/uploads\/2013\/08\/Frankreich-07-Esel-und-B\u00e4ume-013-300x225.jpg 300w, https:\/\/www.gabriella-bugari.ch\/wp-content\/uploads\/2013\/08\/Frankreich-07-Esel-und-B\u00e4ume-013-1024x768.jpg 1024w, https:\/\/www.gabriella-bugari.ch\/wp-content\/uploads\/2013\/08\/Frankreich-07-Esel-und-B\u00e4ume-013-400x300.jpg 400w\" sizes=\"(max-width: 300px) 100vw, 300px\" \/><\/p>\n<p>Da wir Teil von nat\u00fcrlichen Zyklen sind, unterst\u00fctzen uns die Jahreszeitenfeste in Einklang mit der Natur zu kommen.<\/p>\n<p>Wir begr\u00fcssen den <strong>Fr\u00fchling<\/strong> und fragen uns, wie wir in Einklang kommen mit den Wachstumskr\u00e4ften des Fr\u00fchlings. Was m\u00f6chte in uns wachsen?<img decoding=\"async\" loading=\"lazy\" class=\"alignleft size-medium wp-image-73\" src=\"http:\/\/www.gabriella-bugari.ch\/wp-content\/uploads\/2013\/08\/P1040547-225x300.jpg\" alt=\"\" width=\"225\" height=\"300\" srcset=\"https:\/\/www.gabriella-bugari.ch\/wp-content\/uploads\/2013\/08\/P1040547-225x300.jpg 225w, https:\/\/www.gabriella-bugari.ch\/wp-content\/uploads\/2013\/08\/P1040547-768x1024.jpg 768w\" sizes=\"(max-width: 225px) 100vw, 225px\" \/><\/p>\n<p style=\"text-align: left;\">Wir begr\u00fcssen das Licht des<strong> Sommers<\/strong> und nehmen wahr, was in uns gereift ist<\/p>\n<p>Wir begr\u00fcssen den <strong>Herbst<\/strong> und bedanken uns f\u00fcr das, was zum Wachstum gekommen ist. Es ist Zeit f\u00fcr die Ernte!<\/p>\n<p>Wir begr\u00fcssen den <strong>Winter<\/strong> und bereiten uns auf die dunkle Jahreszeit vor. Was braucht Entspannung und Ruhe, was m\u00f6chte losgelassen werden?<\/p>\n","protected":false},"excerpt":{"rendered":"<p>Rituale Rituale sind so alt wie die Menschheit. Sie sind wertvolle Helfer im Alltag, denn sie haben eine sehr heilsame Wirkung. Sie geben Halt und Geborgenheit und helfen bei der Bew\u00e4ltigung von Krisen. Sie erm\u00f6glichen Momente der Erkenntnis und der &hellip; <a href=\"https:\/\/www.gabriella-bugari.ch\/?page_id=64\">Weiterlesen <span class=\"meta-nav\">&rarr;<\/span><\/a><\/p>\n","protected":false},"author":1,"featured_media":0,"parent":0,"menu_order":6,"comment_status":"closed","ping_status":"closed","template":"","meta":[],"_links":{"self":[{"href":"https:\/\/www.gabriella-bugari.ch\/index.php?rest_route=\/wp\/v2\/pages\/64"}],"collection":[{"href":"https:\/\/www.gabriella-bugari.ch\/index.php?rest_route=\/wp\/v2\/pages"}],"about":[{"href":"https:\/\/www.gabriella-bugari.ch\/index.php?rest_route=\/wp\/v2\/types\/page"}],"author":[{"embeddable":true,"href":"https:\/\/www.gabriella-bugari.ch\/index.php?rest_route=\/wp\/v2\/users\/1"}],"replies":[{"embeddable":true,"href":"https:\/\/www.gabriella-bugari.ch\/index.php?rest_route=%2Fwp%2Fv2%2Fcomments&post=64"}],"version-history":[{"count":20,"href":"https:\/\/www.gabriella-bugari.ch\/index.php?rest_route=\/wp\/v2\/pages\/64\/revisions"}],"predecessor-version":[{"id":87,"href":"https:\/\/www.gabriella-bugari.ch\/index.php?rest_route=\/wp\/v2\/pages\/64\/revisions\/87"}],"wp:attachment":[{"href":"https:\/\/www.gabriella-bugari.ch\/index.php?rest_route=%2Fwp%2Fv2%2Fmedia&parent=64"}],"curies":[{"name":"wp","href":"https:\/\/api.w.org\/{rel}","templated":true}]}}