{"id":59,"date":"2013-08-13T05:21:16","date_gmt":"2013-08-13T05:21:16","guid":{"rendered":"http:\/\/www.gabriella-bugari.ch\/?page_id=59"},"modified":"2022-01-14T13:16:51","modified_gmt":"2022-01-14T13:16:51","slug":"reise-zu-den-krafttieren-fur-kinder","status":"publish","type":"page","link":"https:\/\/www.gabriella-bugari.ch\/?page_id=59","title":{"rendered":"Krafttierreisen Kinder"},"content":{"rendered":"<p><strong>Imaginationsarbeit f\u00fcr Kinder<\/strong><\/p>\n<p><img decoding=\"async\" loading=\"lazy\" class=\"alignleft size-medium wp-image-60\" src=\"http:\/\/www.gabriella-bugari.ch\/wp-content\/uploads\/2013\/08\/totempfahl-Kinder-150x300.jpg\" alt=\"\" width=\"150\" height=\"300\" srcset=\"https:\/\/www.gabriella-bugari.ch\/wp-content\/uploads\/2013\/08\/totempfahl-Kinder-150x300.jpg 150w, https:\/\/www.gabriella-bugari.ch\/wp-content\/uploads\/2013\/08\/totempfahl-Kinder.jpg 201w\" sizes=\"(max-width: 150px) 100vw, 150px\" \/>Jeder Mensch hat eine geheime Kraftquelle, in der er weiss, was er braucht, um zu wachsen.<\/p>\n<p>Kinder haben die F\u00e4higkeit bewahrt, mit magischen Bildern umzugehen. Erlebnisse mit den inneren Bildern k\u00f6nnen bleibende Auswirkungen auf ihre \u00e4ussere Welt haben. Das heisst, wenn sie verbunden sind mit ihrem inneren Kern, k\u00f6nnen sie gest\u00e4rkt ihre Aufgaben im Leben erf\u00fcllen.<\/p>\n<p>Ich unterst\u00fctze Kinder in schwierigen Situationen, bei Problemen in der Schule, zu Hause, unkontrollierten Aggressionen, mangelndem Selbstwert, Schlafschwierigkeiten, usw.<\/p>\n<p>&nbsp;<\/p>\n<p>Durch die Arbeit mit Krafttieren k\u00f6nnen \u00c4ngste abgebaut, der Selbstwert gest\u00e4rkt und das Handeln in der \u00e4usseren Welt ver\u00e4ndert werden. Die Kinder lernen ihren eigenen F\u00e4higkeiten zu vertrauen.<\/p>\n","protected":false},"excerpt":{"rendered":"<p>Imaginationsarbeit f\u00fcr Kinder Jeder Mensch hat eine geheime Kraftquelle, in der er weiss, was er braucht, um zu wachsen. Kinder haben die F\u00e4higkeit bewahrt, mit magischen Bildern umzugehen. Erlebnisse mit den inneren Bildern k\u00f6nnen bleibende Auswirkungen auf ihre \u00e4ussere Welt &hellip; <a href=\"https:\/\/www.gabriella-bugari.ch\/?page_id=59\">Weiterlesen <span class=\"meta-nav\">&rarr;<\/span><\/a><\/p>\n","protected":false},"author":1,"featured_media":0,"parent":0,"menu_order":5,"comment_status":"closed","ping_status":"closed","template":"","meta":[],"_links":{"self":[{"href":"https:\/\/www.gabriella-bugari.ch\/index.php?rest_route=\/wp\/v2\/pages\/59"}],"collection":[{"href":"https:\/\/www.gabriella-bugari.ch\/index.php?rest_route=\/wp\/v2\/pages"}],"about":[{"href":"https:\/\/www.gabriella-bugari.ch\/index.php?rest_route=\/wp\/v2\/types\/page"}],"author":[{"embeddable":true,"href":"https:\/\/www.gabriella-bugari.ch\/index.php?rest_route=\/wp\/v2\/users\/1"}],"replies":[{"embeddable":true,"href":"https:\/\/www.gabriella-bugari.ch\/index.php?rest_route=%2Fwp%2Fv2%2Fcomments&post=59"}],"version-history":[{"count":12,"href":"https:\/\/www.gabriella-bugari.ch\/index.php?rest_route=\/wp\/v2\/pages\/59\/revisions"}],"predecessor-version":[{"id":345,"href":"https:\/\/www.gabriella-bugari.ch\/index.php?rest_route=\/wp\/v2\/pages\/59\/revisions\/345"}],"wp:attachment":[{"href":"https:\/\/www.gabriella-bugari.ch\/index.php?rest_route=%2Fwp%2Fv2%2Fmedia&parent=59"}],"curies":[{"name":"wp","href":"https:\/\/api.w.org\/{rel}","templated":true}]}}