{"id":52,"date":"2013-08-13T05:13:35","date_gmt":"2013-08-13T05:13:35","guid":{"rendered":"http:\/\/www.gabriella-bugari.ch\/?page_id=52"},"modified":"2013-12-13T12:03:44","modified_gmt":"2013-12-13T12:03:44","slug":"the-personal-totem-pole-process","status":"publish","type":"page","link":"https:\/\/www.gabriella-bugari.ch\/?page_id=52","title":{"rendered":"The Personal Totem Pole Process"},"content":{"rendered":"<p>Der Name der <strong>PERSONAL TOTEM POLE PROCESS Methode<\/strong> weist auf das alte, indianische Wissen hin, dass Tierwesen seit jeher Begleiter des Menschen waren. Dies zeigt sich in den wundervoll geschnitzten Totempf\u00e4hlen der V\u00f6lker an der Nordwestk\u00fcste Amerikas. Auch in unserer Kultur findet man immer wieder Anhaltspunkte daf\u00fcr, dass Tierenergien eine wichtige Rolle gespielt haben. Denken wir an die vielen Heiligen, die mit Tieren dargestellt werden, an Familienwappen und an unsere M\u00e4rchen. Die Erkenntnis, dass Tiere unsere Verb\u00fcndeten sein k\u00f6nnen und die alten Lehren, dass die Chakras unsere Gesundheit beeinflussen, werden in dieser Methode mit der Imaginationstheorie C.G.Jungs verkn\u00fcpft.<\/p>\n<p><img decoding=\"async\" loading=\"lazy\" class=\"alignleft  wp-image-54\" src=\"http:\/\/www.gabriella-bugari.ch\/wp-content\/uploads\/2013\/08\/totempfahl-225x300.jpg\" alt=\"\" width=\"287\" height=\"421\" \/>Entdecker der <strong>PTPP-Methode<\/strong> ist Dr. Eligio Stephen Gallegos (New Mexico, USA), Psychologieprofessor aus der Schule C.G.Jung.<\/p>\n<p>Imagination kommt von dem lateinischen Wort &#8222;Imago&#8220; und bedeutet Bild.<\/p>\n<p>Es bedeutet bei wachem Bewusstsein innere Bilder wahrzunehmen.<\/p>\n<p>Imagination ist eine F\u00e4higkeit des Menschen, wie Denken, F\u00fchlen und Sp\u00fcren. Leider wird diese F\u00e4higkeit, da sie in unserem Alltag nicht gebraucht wird, kaum wahrgenommen.<\/p>\n<p>\u00dcber die inneren Bilder kommen wir jedoch zu unserer eigenen Wahrheit, unbeeinflusst von \u00e4usseren Einwirkungen.<\/p>\n<p><a href=\"http:\/\/www.gabriella-bugari.ch\/?page_id=43\">Reise zu einem Krafttier<\/a><\/p>\n<p><a href=\"http:\/\/www.gabriella-bugari.ch\/?page_id=59\">Reise zu einem Krafttier f\u00fcr Kinder<\/a><\/p>\n","protected":false},"excerpt":{"rendered":"<p>Der Name der PERSONAL TOTEM POLE PROCESS Methode weist auf das alte, indianische Wissen hin, dass Tierwesen seit jeher Begleiter des Menschen waren. Dies zeigt sich in den wundervoll geschnitzten Totempf\u00e4hlen der V\u00f6lker an der Nordwestk\u00fcste Amerikas. Auch in unserer &hellip; <a href=\"https:\/\/www.gabriella-bugari.ch\/?page_id=52\">Weiterlesen <span class=\"meta-nav\">&rarr;<\/span><\/a><\/p>\n","protected":false},"author":1,"featured_media":0,"parent":0,"menu_order":3,"comment_status":"closed","ping_status":"closed","template":"","meta":[],"_links":{"self":[{"href":"https:\/\/www.gabriella-bugari.ch\/index.php?rest_route=\/wp\/v2\/pages\/52"}],"collection":[{"href":"https:\/\/www.gabriella-bugari.ch\/index.php?rest_route=\/wp\/v2\/pages"}],"about":[{"href":"https:\/\/www.gabriella-bugari.ch\/index.php?rest_route=\/wp\/v2\/types\/page"}],"author":[{"embeddable":true,"href":"https:\/\/www.gabriella-bugari.ch\/index.php?rest_route=\/wp\/v2\/users\/1"}],"replies":[{"embeddable":true,"href":"https:\/\/www.gabriella-bugari.ch\/index.php?rest_route=%2Fwp%2Fv2%2Fcomments&post=52"}],"version-history":[{"count":13,"href":"https:\/\/www.gabriella-bugari.ch\/index.php?rest_route=\/wp\/v2\/pages\/52\/revisions"}],"predecessor-version":[{"id":178,"href":"https:\/\/www.gabriella-bugari.ch\/index.php?rest_route=\/wp\/v2\/pages\/52\/revisions\/178"}],"wp:attachment":[{"href":"https:\/\/www.gabriella-bugari.ch\/index.php?rest_route=%2Fwp%2Fv2%2Fmedia&parent=52"}],"curies":[{"name":"wp","href":"https:\/\/api.w.org\/{rel}","templated":true}]}}