{"id":43,"date":"2013-08-13T05:07:23","date_gmt":"2013-08-13T05:07:23","guid":{"rendered":"http:\/\/www.gabriella-bugari.ch\/?page_id=43"},"modified":"2013-12-09T21:30:04","modified_gmt":"2013-12-09T21:30:04","slug":"reise-zu-den-krafttieren","status":"publish","type":"page","link":"https:\/\/www.gabriella-bugari.ch\/?page_id=43","title":{"rendered":"Krafttierreisen"},"content":{"rendered":"<p>Ich begleite Menschen auf dem Weg mit ihren verborgenen F\u00e4higkeiten in Kontakt zu treten, Neues zu entdecken und Schritt f\u00fcr Schritt der eigenen inneren Weisheit zu vertrauen und so zu ihrem nat\u00fcrlichen Selbst zu finden.<\/p>\n<p>Mit Hilfe der Krafttiere ist es m\u00f6glich, uns mit der Quelle unserer Kraft zu verbinden. Krafttiere unterst\u00fctzen uns in unseren St\u00e4rken und unserer Gesundheit. Sie sind wunderbare Ratgeber.<\/p>\n<p><img decoding=\"async\" loading=\"lazy\" class=\"alignright size-medium wp-image-47\" src=\"http:\/\/www.gabriella-bugari.ch\/wp-content\/uploads\/2013\/08\/DSCN3130_neu-300x294.jpg\" alt=\"\" width=\"300\" height=\"294\" srcset=\"https:\/\/www.gabriella-bugari.ch\/wp-content\/uploads\/2013\/08\/DSCN3130_neu-300x294.jpg 300w, https:\/\/www.gabriella-bugari.ch\/wp-content\/uploads\/2013\/08\/DSCN3130_neu-1024x1006.jpg 1024w, https:\/\/www.gabriella-bugari.ch\/wp-content\/uploads\/2013\/08\/DSCN3130_neu-305x300.jpg 305w\" sizes=\"(max-width: 300px) 100vw, 300px\" \/><\/p>\n<p>Durch die begleiteten Reisen in Tiefenentspannung k\u00f6nnen wir mit den inneren Wesen in Kontakt kommen, sie wahrnehmen und mit ihnen auf eine Reise gehen.<\/p>\n<p>Es k\u00f6nnen neue F\u00e4higkeiten entdeckt, verlorene Anteile der Seele wiedergefunden und alte Verletzungen geheilt werden.<\/p>\n<p>Die Reisen k\u00f6nnen dich zu deinen Chakratieren f\u00fchren. Du lernst neue Aspekte von dir kennen und wirst so in deiner Entwicklung unterst\u00fctzt.<\/p>\n<p>Die Reise nach innen kann zu unbew\u00e4ltigten Situationen f\u00fchren, die mit Hilfe der Tiere gekl\u00e4rt werden k\u00f6nnen. Oft tauchen alte Verletzungen, Unsicherheiten, \u00c4ngste oder Beziehungsprobleme auf. Mit Hilfe dieses gef\u00fchrten Prozesses werden diese abgebaut und die eigene Energie wieder ins Fliessen gebracht.<\/p>\n<p>Wir begegnen dabei Tierwesen, die verschiedene Aspekte unserer Pers\u00f6nlichkeit repr\u00e4sentieren: Verbindung zur Erde, Gef\u00fchle, Kraft, Liebe, Kommunikation, Intuition. Indem wir in Kommunikation mit unseren inneren Tierf\u00fchrern treten, verbinden wir uns Schritt f\u00fcr Schritt mit unserer eigenen inneren Weisheit und Kraft.<\/p>\n<p>&nbsp;<\/p>\n","protected":false},"excerpt":{"rendered":"<p>Ich begleite Menschen auf dem Weg mit ihren verborgenen F\u00e4higkeiten in Kontakt zu treten, Neues zu entdecken und Schritt f\u00fcr Schritt der eigenen inneren Weisheit zu vertrauen und so zu ihrem nat\u00fcrlichen Selbst zu finden. Mit Hilfe der Krafttiere ist &hellip; <a href=\"https:\/\/www.gabriella-bugari.ch\/?page_id=43\">Weiterlesen <span class=\"meta-nav\">&rarr;<\/span><\/a><\/p>\n","protected":false},"author":1,"featured_media":0,"parent":0,"menu_order":4,"comment_status":"closed","ping_status":"closed","template":"","meta":[],"_links":{"self":[{"href":"https:\/\/www.gabriella-bugari.ch\/index.php?rest_route=\/wp\/v2\/pages\/43"}],"collection":[{"href":"https:\/\/www.gabriella-bugari.ch\/index.php?rest_route=\/wp\/v2\/pages"}],"about":[{"href":"https:\/\/www.gabriella-bugari.ch\/index.php?rest_route=\/wp\/v2\/types\/page"}],"author":[{"embeddable":true,"href":"https:\/\/www.gabriella-bugari.ch\/index.php?rest_route=\/wp\/v2\/users\/1"}],"replies":[{"embeddable":true,"href":"https:\/\/www.gabriella-bugari.ch\/index.php?rest_route=%2Fwp%2Fv2%2Fcomments&post=43"}],"version-history":[{"count":14,"href":"https:\/\/www.gabriella-bugari.ch\/index.php?rest_route=\/wp\/v2\/pages\/43\/revisions"}],"predecessor-version":[{"id":212,"href":"https:\/\/www.gabriella-bugari.ch\/index.php?rest_route=\/wp\/v2\/pages\/43\/revisions\/212"}],"wp:attachment":[{"href":"https:\/\/www.gabriella-bugari.ch\/index.php?rest_route=%2Fwp%2Fv2%2Fmedia&parent=43"}],"curies":[{"name":"wp","href":"https:\/\/api.w.org\/{rel}","templated":true}]}}