{"id":32,"date":"2013-08-13T04:51:30","date_gmt":"2013-08-13T04:51:30","guid":{"rendered":"http:\/\/www.gabriella-bugari.ch\/?page_id=32"},"modified":"2025-12-30T10:34:53","modified_gmt":"2025-12-30T10:34:53","slug":"schwitzhutten-zeremonie","status":"publish","type":"page","link":"https:\/\/www.gabriella-bugari.ch\/?page_id=32","title":{"rendered":"Schwitzh\u00fctte"},"content":{"rendered":"<p>In der Geborgenheit des Schosses der Grossmutter Erde verbinden wir uns mit der innersten Kraft, lassen sie aufsteigen und treten als Neugeborene ins Leben.<\/p>\n<p><img decoding=\"async\" loading=\"lazy\" class=\"wp-image-139 aligncenter\" src=\"http:\/\/www.gabriella-bugari.ch\/wp-content\/uploads\/2013\/08\/Schwitzh\u00fctte-mit-L\u00f6we-300x189.jpg\" alt=\"\" width=\"334\" height=\"216\" \/>Die Schwitzh\u00fctte ist eine der \u00e4ltesten Zeremonien, die einst in vielen Kulturen lebendig war. In vielen indianischen Traditionen nimmt die Schwitzh\u00fctte noch heute eine zentrale Rolle ein. Sie ist ein schamanisches Ritual f\u00fcr Reinigung, Kl\u00e4rung und Heilung.<\/p>\n<p>Die Schwitzh\u00fctte besteht aus einem Geflecht von St\u00f6cken und ist mit Decken zugedeckt. Dies symbolisiert den Schoss von Grossmutter Erde, dem urweiblichen Prinzip.<\/p>\n<p>Das Schwitzh\u00fcttenfeuer, in dem Steine gl\u00fchend erhitzt werden, symbolisiert das urm\u00e4nnliche Prinzip.<\/p>\n<p>Gl\u00fchende Steine befruchten und erw\u00e4rmen den dunklen Schoss, Kr\u00e4uter verbreiten einen wunderbaren Duft, Wasseraufg\u00fcsse erzeugen Dampf und die Steinwesen singen.<\/p>\n<p>Die Absicht in eine Schwitzh\u00fctte zu gehen besteht nicht nur in der k\u00f6rperlichen Reinigung (wie in heutigen Saunen), sondern auch darin, verschiedene Bewusstseinsebenen zu erfahren, eigene Ressourcen und M\u00f6glichkeiten neu zu entdecken und mit der Natur und dem Universum in Einklang zu kommen.<\/p>\n<p><img decoding=\"async\" loading=\"lazy\" class=\"size-medium wp-image-34 alignright\" src=\"http:\/\/www.gabriella-bugari.ch\/wp-content\/uploads\/2013\/08\/Feuer-001-300x151.jpg\" alt=\"\" width=\"300\" height=\"151\" srcset=\"https:\/\/www.gabriella-bugari.ch\/wp-content\/uploads\/2013\/08\/Feuer-001-300x151.jpg 300w, https:\/\/www.gabriella-bugari.ch\/wp-content\/uploads\/2013\/08\/Feuer-001-1024x518.jpg 1024w, https:\/\/www.gabriella-bugari.ch\/wp-content\/uploads\/2013\/08\/Feuer-001-500x253.jpg 500w, https:\/\/www.gabriella-bugari.ch\/wp-content\/uploads\/2013\/08\/Feuer-001.jpg 1153w\" sizes=\"(max-width: 300px) 100vw, 300px\" \/><\/p>\n<p>In Verbindung mit den Elementen und den Kr\u00e4ften des Universums entdecken wir neue M\u00f6glichkeiten, Gesundheit, Freude, Harmonie, Begeisterung und Humor in unser Leben zu bringen.<\/p>\n<p>Ich f\u00fchre Schwitzh\u00fctten bei Hochdorf (Luzern) durch:<\/p>\n<p><a href=\"http:\/\/www.gabriella-bugari.ch\/wp-content\/uploads\/2025\/12\/Ausschreibung-erste-Jahreshaelfte-2026.pdf\" target=\"_blank\" rel=\"noopener\">Ausschreibung erste Jahresh\u00e4lfte 2026<\/a><\/p>\n","protected":false},"excerpt":{"rendered":"<p>In der Geborgenheit des Schosses der Grossmutter Erde verbinden wir uns mit der innersten Kraft, lassen sie aufsteigen und treten als Neugeborene ins Leben. Die Schwitzh\u00fctte ist eine der \u00e4ltesten Zeremonien, die einst in vielen Kulturen lebendig war. In vielen &hellip; <a href=\"https:\/\/www.gabriella-bugari.ch\/?page_id=32\">Weiterlesen <span class=\"meta-nav\">&rarr;<\/span><\/a><\/p>\n","protected":false},"author":1,"featured_media":0,"parent":0,"menu_order":2,"comment_status":"closed","ping_status":"closed","template":"","meta":[],"_links":{"self":[{"href":"https:\/\/www.gabriella-bugari.ch\/index.php?rest_route=\/wp\/v2\/pages\/32"}],"collection":[{"href":"https:\/\/www.gabriella-bugari.ch\/index.php?rest_route=\/wp\/v2\/pages"}],"about":[{"href":"https:\/\/www.gabriella-bugari.ch\/index.php?rest_route=\/wp\/v2\/types\/page"}],"author":[{"embeddable":true,"href":"https:\/\/www.gabriella-bugari.ch\/index.php?rest_route=\/wp\/v2\/users\/1"}],"replies":[{"embeddable":true,"href":"https:\/\/www.gabriella-bugari.ch\/index.php?rest_route=%2Fwp%2Fv2%2Fcomments&post=32"}],"version-history":[{"count":67,"href":"https:\/\/www.gabriella-bugari.ch\/index.php?rest_route=\/wp\/v2\/pages\/32\/revisions"}],"predecessor-version":[{"id":394,"href":"https:\/\/www.gabriella-bugari.ch\/index.php?rest_route=\/wp\/v2\/pages\/32\/revisions\/394"}],"wp:attachment":[{"href":"https:\/\/www.gabriella-bugari.ch\/index.php?rest_route=%2Fwp%2Fv2%2Fmedia&parent=32"}],"curies":[{"name":"wp","href":"https:\/\/api.w.org\/{rel}","templated":true}]}}