{"id":107,"date":"2013-12-08T13:20:52","date_gmt":"2013-12-08T13:20:52","guid":{"rendered":"http:\/\/www.gabriella-bugari.ch\/?page_id=107"},"modified":"2025-12-30T10:42:29","modified_gmt":"2025-12-30T10:42:29","slug":"termine-und-tarife","status":"publish","type":"page","link":"https:\/\/www.gabriella-bugari.ch\/?page_id=107","title":{"rendered":"Termine"},"content":{"rendered":"<p><strong>Schwitzh\u00fctten<br \/>\n<\/strong>bei Hochdorf (Luzern)<\/p>\n<p><em>Fr\u00fchling 2026<\/em><\/p>\n<p>Freitag, 03. April 26\u00a0 \u00a0 Arbeiten am Platz und Schwitzh\u00fctte<\/p>\n<p>Samstag, 16. Mai 26<\/p>\n<p>Samstag, 20. Juni 26\u00a0 \u00a0Sommersonnenwende<\/p>\n<p><a href=\"http:\/\/www.gabriella-bugari.ch\/wp-content\/uploads\/2025\/12\/Ausschreibung-erste-Jahreshaelfte-2026.pdf\" target=\"_blank\" rel=\"noopener\">Ausschreibung erste Jahresh\u00e4lfte 2026<\/a><\/p>\n<p>Gerne leite ich auch Schwitzh\u00fctten f\u00fcr bestehende Gruppen (Jahresgruppen, Frauenkreise usw.). Termine nach telefonischer Vereinbarung.<\/p>\n<p><strong>Pfeifen-Schwitzh\u00fctte<\/strong><\/p>\n<p style=\"font-weight: 400;\">Gerne biete ich eine Pfeifenh\u00fctte an. Menschen, die H\u00fcter\/innen einer Pfeife sind oder es werden wollen, bitte ich, sich bei mir zu melden, damit wir gemeinsam ein Datum finden k\u00f6nnen.<\/p>\n<p><a href=\"http:\/\/www.gabriella-bugari.ch\/wp-content\/uploads\/2013\/08\/Pfeifenh\u00fctte-2022-.pdf\" target=\"_blank\" rel=\"noopener\">Pfeifenh\u00fctte<\/a><\/p>\n<p><strong>Kurse<\/strong><strong><img decoding=\"async\" loading=\"lazy\" class=\" wp-image-136 alignright\" src=\"http:\/\/www.gabriella-bugari.ch\/wp-content\/uploads\/2013\/12\/Schwitzh\u00fctten-Gruppe-300x225.jpg\" alt=\"\" width=\"300\" height=\"225\" srcset=\"https:\/\/www.gabriella-bugari.ch\/wp-content\/uploads\/2013\/12\/Schwitzh\u00fctten-Gruppe-300x225.jpg 300w, https:\/\/www.gabriella-bugari.ch\/wp-content\/uploads\/2013\/12\/Schwitzh\u00fctten-Gruppe-400x300.jpg 400w, https:\/\/www.gabriella-bugari.ch\/wp-content\/uploads\/2013\/12\/Schwitzh\u00fctten-Gruppe.jpg 800w\" sizes=\"(max-width: 300px) 100vw, 300px\" \/><\/strong><\/p>\n<p>Einf\u00fchrung in das Wissen der Medizinr\u00e4der:<\/p>\n<p>1. Kurstag Sonntag, 08. M\u00e4rz 26<\/p>\n<p>2. Kurstag Sonntag, 29. M\u00e4rz 26<\/p>\n<p>Ein 3. Kurstag nach Absprache mit den Teilnehmer\/innen.<\/p>\n<p>Infos hier: <a href=\"http:\/\/www.gabriella-bugari.ch\/wp-content\/uploads\/2025\/12\/Einfuehrung-in-das-Wissen-der-Medizinraeder-2.pdf\" target=\"_blank\" rel=\"noopener\">Einf\u00fchrung in das Wissen der Medizinr\u00e4der<\/a><\/p>\n<p><strong>\u00a0Weitere Angebote<\/strong><\/p>\n<ul>\n<li>Einzelberatung auf der Basis des Medizinradwissens und der zeremoniellen Energiearbeit<\/li>\n<li>Gef\u00fchrte Einzelreisen nach Personal Totem Pole Process<\/li>\n<li>Entspannen f\u00fcr Kinder mit inneren Tierhelfern<\/li>\n<li>Pers\u00f6nliche Zeremonien f\u00fcr \u00dcbergangen im Leben<\/li>\n<li>Rituale<\/li>\n<li>Feiern der Jahreszeitenfeste<\/li>\n<li>Bachbl\u00fcten<\/li>\n<\/ul>\n<p>Termine f\u00fcr Einzelberatung oder Gruppen nach telefonischer Vereinbarung.<\/p>\n<p style=\"text-align: left;\"><strong>Tarife<\/strong><\/p>\n<p>Schwitzh\u00fctte<\/p>\n<ul>\n<li>Fr.50.- f\u00fcr Platz, Holz, Steine und Vorbereitung.<\/li>\n<li>Bei kurzfristiger Abmeldung musst du den Unkostenbeitrag bezahlen, sofern kein Ersatz f\u00fcr dich gefunden wird.<\/li>\n<li>Preis f\u00fcr Gruppen auf Anfrage<\/li>\n<\/ul>\n<p>Beratung, Einzelbegleitung in Heilzeremonien oder gef\u00fchrte Imaginationsreisen<\/p>\n<ul>\n<li>Fr. 80.00 die Stunde f\u00fcr Erwachsene<\/li>\n<li>Fr. 60.00 die Stunde f\u00fcr Kinder<\/li>\n<li>Eine Sitzung dauert in der Regel zwischen einer und zwei Stunden.<\/li>\n<\/ul>\n","protected":false},"excerpt":{"rendered":"<p>Schwitzh\u00fctten bei Hochdorf (Luzern) Fr\u00fchling 2026 Freitag, 03. April 26\u00a0 \u00a0 Arbeiten am Platz und Schwitzh\u00fctte Samstag, 16. Mai 26 Samstag, 20. Juni 26\u00a0 \u00a0Sommersonnenwende Ausschreibung erste Jahresh\u00e4lfte 2026 Gerne leite ich auch Schwitzh\u00fctten f\u00fcr bestehende Gruppen (Jahresgruppen, Frauenkreise usw.). &hellip; <a href=\"https:\/\/www.gabriella-bugari.ch\/?page_id=107\">Weiterlesen <span class=\"meta-nav\">&rarr;<\/span><\/a><\/p>\n","protected":false},"author":1,"featured_media":0,"parent":0,"menu_order":7,"comment_status":"closed","ping_status":"closed","template":"","meta":[],"_links":{"self":[{"href":"https:\/\/www.gabriella-bugari.ch\/index.php?rest_route=\/wp\/v2\/pages\/107"}],"collection":[{"href":"https:\/\/www.gabriella-bugari.ch\/index.php?rest_route=\/wp\/v2\/pages"}],"about":[{"href":"https:\/\/www.gabriella-bugari.ch\/index.php?rest_route=\/wp\/v2\/types\/page"}],"author":[{"embeddable":true,"href":"https:\/\/www.gabriella-bugari.ch\/index.php?rest_route=\/wp\/v2\/users\/1"}],"replies":[{"embeddable":true,"href":"https:\/\/www.gabriella-bugari.ch\/index.php?rest_route=%2Fwp%2Fv2%2Fcomments&post=107"}],"version-history":[{"count":98,"href":"https:\/\/www.gabriella-bugari.ch\/index.php?rest_route=\/wp\/v2\/pages\/107\/revisions"}],"predecessor-version":[{"id":402,"href":"https:\/\/www.gabriella-bugari.ch\/index.php?rest_route=\/wp\/v2\/pages\/107\/revisions\/402"}],"wp:attachment":[{"href":"https:\/\/www.gabriella-bugari.ch\/index.php?rest_route=%2Fwp%2Fv2%2Fmedia&parent=107"}],"curies":[{"name":"wp","href":"https:\/\/api.w.org\/{rel}","templated":true}]}}